{"id":2,"date":"2022-09-14T12:48:42","date_gmt":"2022-09-14T10:48:42","guid":{"rendered":"http:\/\/www.zanzanvoyage.com\/?page_id=2"},"modified":"2022-10-06T11:02:28","modified_gmt":"2022-10-06T09:02:28","slug":"page-d-exemple","status":"publish","type":"page","link":"https:\/\/www.zanzanvoyage.com\/","title":{"rendered":"A propos"},"content":{"rendered":"\n<p>Et voil\u00e0, nous sommes repartis ! <\/p>\n\n\n\n<p>Apr\u00e8s un tour de l&rsquo;Atlantique entre juillet 2016 et juillet 2017 (plus d&rsquo;infos ici : <a href=\"http:\/\/zanzan.canalblog.com\" target=\"_blank\" rel=\"noreferrer noopener\">http:\/\/zanzan.canalblog.com<\/a>), nous larguons les amarres cette fois ci pour la M\u00e9diterran\u00e9e.<\/p>\n\n\n\n<p>C&rsquo;est une grande inconnue pour nous.<\/p>\n\n\n\n<p>Pour nous suivre : notre position <a href=\"https:\/\/www.marinetraffic.com\/en\/ais\/home\/shipid:3350770\/zoom:10\" target=\"_blank\" rel=\"noreferrer noopener\">https:\/\/www.marinetraffic.com\/en\/ais\/home\/shipid:3350770\/zoom:10<\/a><\/p>\n\n\n\n<p>Notre p\u00e9riple (\u00e0 peu pr\u00e8s) :<\/p>\n\n\n\n<figure class=\"wp-block-image size-full\"><img loading=\"lazy\" decoding=\"async\" width=\"962\" height=\"447\" src=\"http:\/\/www.zanzanvoyage.com\/wp-content\/uploads\/2022\/09\/carte-mer-mediterranee_6487-283-1.jpg\" alt=\"\" class=\"wp-image-132\" srcset=\"https:\/\/www.zanzanvoyage.com\/wp-content\/uploads\/2022\/09\/carte-mer-mediterranee_6487-283-1.jpg 962w, https:\/\/www.zanzanvoyage.com\/wp-content\/uploads\/2022\/09\/carte-mer-mediterranee_6487-283-1-300x139.jpg 300w, https:\/\/www.zanzanvoyage.com\/wp-content\/uploads\/2022\/09\/carte-mer-mediterranee_6487-283-1-768x357.jpg 768w, https:\/\/www.zanzanvoyage.com\/wp-content\/uploads\/2022\/09\/carte-mer-mediterranee_6487-283-1-850x395.jpg 850w\" sizes=\"auto, (max-width: 962px) 100vw, 962px\" \/><\/figure>\n\n\n\n<p>Sur notre JPK 38 FC, nous sommes 3 : <\/p>\n\n\n\n<ul class=\"wp-block-list\"><li>Alan, le capitaine<\/li><li>Nolwenn, la mousse<\/li><li>Suzanne, la moussette<\/li><\/ul>\n\n\n\n<figure class=\"wp-block-image size-full is-resized\"><img loading=\"lazy\" decoding=\"async\" src=\"https:\/\/www.zanzanvoyage.com\/wp-content\/uploads\/2022\/10\/image-1.png\" alt=\"\" class=\"wp-image-350\" width=\"70\" height=\"70\" srcset=\"https:\/\/www.zanzanvoyage.com\/wp-content\/uploads\/2022\/10\/image-1.png 165w, https:\/\/www.zanzanvoyage.com\/wp-content\/uploads\/2022\/10\/image-1-150x150.png 150w\" sizes=\"auto, (max-width: 70px) 100vw, 70px\" \/><figcaption><br><\/figcaption><\/figure>\n\n\n\n<p>Suivez nous \u00e9galement sur Instagram : zanzanvoyage<\/p>\n\n\n\n<p><\/p>\n","protected":false},"excerpt":{"rendered":"<p>Et voil\u00e0, nous sommes repartis ! Apr\u00e8s un tour de l&rsquo;Atlantique entre juillet 2016 et juillet 2017 (plus d&rsquo;infos ici : http:\/\/zanzan.canalblog.com), nous larguons les amarres cette fois ci pour la M\u00e9diterran\u00e9e. C&rsquo;est une grande inconnue pour nous. Pour nous suivre : notre position https:\/\/www.marinetraffic.com\/en\/ais\/home\/shipid:3350770\/zoom:10 Notre p\u00e9riple (\u00e0 peu pr\u00e8s) : Sur notre JPK 38&#8230;<\/p>\n","protected":false},"author":1,"featured_media":0,"parent":0,"menu_order":0,"comment_status":"closed","ping_status":"open","template":"","meta":{"footnotes":""},"class_list":["post-2","page","type-page","status-publish","hentry"],"_links":{"self":[{"href":"https:\/\/www.zanzanvoyage.com\/index.php\/wp-json\/wp\/v2\/pages\/2","targetHints":{"allow":["GET"]}}],"collection":[{"href":"https:\/\/www.zanzanvoyage.com\/index.php\/wp-json\/wp\/v2\/pages"}],"about":[{"href":"https:\/\/www.zanzanvoyage.com\/index.php\/wp-json\/wp\/v2\/types\/page"}],"author":[{"embeddable":true,"href":"https:\/\/www.zanzanvoyage.com\/index.php\/wp-json\/wp\/v2\/users\/1"}],"replies":[{"embeddable":true,"href":"https:\/\/www.zanzanvoyage.com\/index.php\/wp-json\/wp\/v2\/comments?post=2"}],"version-history":[{"count":9,"href":"https:\/\/www.zanzanvoyage.com\/index.php\/wp-json\/wp\/v2\/pages\/2\/revisions"}],"predecessor-version":[{"id":352,"href":"https:\/\/www.zanzanvoyage.com\/index.php\/wp-json\/wp\/v2\/pages\/2\/revisions\/352"}],"wp:attachment":[{"href":"https:\/\/www.zanzanvoyage.com\/index.php\/wp-json\/wp\/v2\/media?parent=2"}],"curies":[{"name":"wp","href":"https:\/\/api.w.org\/{rel}","templated":true}]}}